{"id":64,"date":"2023-11-29T06:59:07","date_gmt":"2023-11-29T06:59:07","guid":{"rendered":"https:\/\/www.websitekibris.com\/services\/"},"modified":"2023-12-19T19:10:42","modified_gmt":"2023-12-19T19:10:42","slug":"services","status":"publish","type":"page","link":"https:\/\/www.img-ltd.com\/en\/services\/","title":{"rendered":"Services"},"content":{"rendered":"<div data-elementor-type=\"wp-page\" data-elementor-id=\"64\" class=\"elementor elementor-64\">\n\t\t\t\t\t\t<section class=\"elementor-section elementor-top-section elementor-element elementor-element-5f6d77ca elementor-section-content-middle elementor-section-boxed elementor-section-height-default elementor-section-height-default\" data-id=\"5f6d77ca\" data-element_type=\"section\" data-settings=\"{&quot;background_background&quot;:&quot;classic&quot;}\">\n\t\t\t\t\t\t\t<div class=\"elementor-background-overlay\"><\/div>\n\t\t\t\t\t\t\t<div class=\"elementor-container elementor-column-gap-no\">\n\t\t\t\t\t<div class=\"elementor-column elementor-col-100 elementor-top-column elementor-element elementor-element-7443bd39\" data-id=\"7443bd39\" data-element_type=\"column\">\n\t\t\t<div class=\"elementor-widget-wrap elementor-element-populated\">\n\t\t\t\t\t\t<div class=\"elementor-element elementor-element-2dae7ece elementor-widget elementor-widget-heading\" data-id=\"2dae7ece\" data-element_type=\"widget\" data-widget_type=\"heading.default\">\n\t\t\t\t<div class=\"elementor-widget-container\">\n\t\t\t\t\t<h2 class=\"elementor-heading-title elementor-size-default\">Sekt\u00f6rler<\/h2>\t\t\t\t<\/div>\n\t\t\t\t<\/div>\n\t\t\t\t<div class=\"elementor-element elementor-element-334c185a elementor-icon-list--layout-inline elementor-align-left elementor-mobile-align-center elementor-list-item-link-full_width elementor-widget elementor-widget-icon-list\" data-id=\"334c185a\" data-element_type=\"widget\" data-widget_type=\"icon-list.default\">\n\t\t\t\t<div class=\"elementor-widget-container\">\n\t\t\t\t\t\t\t<ul class=\"elementor-icon-list-items elementor-inline-items\">\n\t\t\t\t\t\t\t<li class=\"elementor-icon-list-item elementor-inline-item\">\n\t\t\t\t\t\t\t\t\t\t<span class=\"elementor-icon-list-text\">Ana Sayfa<\/span>\n\t\t\t\t\t\t\t\t\t<\/li>\n\t\t\t\t\t\t\t\t<li class=\"elementor-icon-list-item elementor-inline-item\">\n\t\t\t\t\t\t\t\t\t\t\t<span class=\"elementor-icon-list-icon\">\n\t\t\t\t\t\t\t<svg aria-hidden=\"true\" class=\"e-font-icon-svg e-fas-angle-right\" viewbox=\"0 0 256 512\" xmlns=\"http:\/\/www.w3.org\/2000\/svg\"><path d=\"M224.3 273l-136 136c-9.4 9.4-24.6 9.4-33.9 0l-22.6-22.6c-9.4-9.4-9.4-24.6 0-33.9l96.4-96.4-96.4-96.4c-9.4-9.4-9.4-24.6 0-33.9L54.3 103c9.4-9.4 24.6-9.4 33.9 0l136 136c9.5 9.4 9.5 24.6.1 34z\"><\/path><\/svg>\t\t\t\t\t\t<\/span>\n\t\t\t\t\t\t\t\t\t\t<span class=\"elementor-icon-list-text\">Grup \u015eirketlerimiz<\/span>\n\t\t\t\t\t\t\t\t\t<\/li>\n\t\t\t\t\t\t<\/ul>\n\t\t\t\t\t\t<\/div>\n\t\t\t\t<\/div>\n\t\t\t\t\t<\/div>\n\t\t<\/div>\n\t\t\t\t\t<\/div>\n\t\t<\/section>\n\t\t\t\t<section class=\"elementor-section elementor-top-section elementor-element elementor-element-1bd54059 elementor-section-boxed elementor-section-height-default elementor-section-height-default\" data-id=\"1bd54059\" data-element_type=\"section\" data-settings=\"{&quot;background_background&quot;:&quot;classic&quot;}\">\n\t\t\t\t\t\t<div class=\"elementor-container elementor-column-gap-default\">\n\t\t\t\t\t<div class=\"elementor-column elementor-col-100 elementor-top-column elementor-element elementor-element-5fc42e83\" data-id=\"5fc42e83\" data-element_type=\"column\">\n\t\t\t<div class=\"elementor-widget-wrap elementor-element-populated\">\n\t\t\t\t\t\t<div class=\"elementor-element elementor-element-33eeae0 elementor-widget__width-auto elementor-widget elementor-widget-heading\" data-id=\"33eeae0\" data-element_type=\"widget\" data-widget_type=\"heading.default\">\n\t\t\t\t<div class=\"elementor-widget-container\">\n\t\t\t\t\t<h4 class=\"elementor-heading-title elementor-size-default\">Sekt\u00f6rler <\/h4>\t\t\t\t<\/div>\n\t\t\t\t<\/div>\n\t\t\t\t<div class=\"elementor-element elementor-element-4067c15b elementor-widget elementor-widget-heading\" data-id=\"4067c15b\" data-element_type=\"widget\" data-widget_type=\"heading.default\">\n\t\t\t\t<div class=\"elementor-widget-container\">\n\t\t\t\t\t<h2 class=\"elementor-heading-title elementor-size-default\">Grup \u015eirketlerimiz<\/h2>\t\t\t\t<\/div>\n\t\t\t\t<\/div>\n\t\t\t\t<div class=\"elementor-element elementor-element-745bd095 elementor-widget elementor-widget-text-editor\" data-id=\"745bd095\" data-element_type=\"widget\" data-widget_type=\"text-editor.default\">\n\t\t\t\t<div class=\"elementor-widget-container\">\n\t\t\t\t\t\t\t\t\t<p>\u0130lkay M. Gen\u00e7 LTD Bir \u00e7ok farkl\u0131 alanda hizmet veren sekt\u00f6rel firmalara sahiptir.<\/p>\t\t\t\t\t\t\t\t<\/div>\n\t\t\t\t<\/div>\n\t\t\t\t<section class=\"elementor-section elementor-inner-section elementor-element elementor-element-1310d9d1 elementor-section-boxed elementor-section-height-default elementor-section-height-default\" data-id=\"1310d9d1\" data-element_type=\"section\">\n\t\t\t\t\t\t<div class=\"elementor-container elementor-column-gap-default\">\n\t\t\t\t\t<div class=\"elementor-column elementor-col-33 elementor-inner-column elementor-element elementor-element-262c2a3c\" data-id=\"262c2a3c\" data-element_type=\"column\">\n\t\t\t<div class=\"elementor-widget-wrap elementor-element-populated\">\n\t\t\t\t\t\t<div class=\"elementor-element elementor-element-4ad867d elementor-widget elementor-widget-image\" data-id=\"4ad867d\" data-element_type=\"widget\" data-widget_type=\"image.default\">\n\t\t\t\t<div class=\"elementor-widget-container\">\n\t\t\t\t\t\t\t\t\t\t\t\t\t\t\t<img decoding=\"async\" width=\"200\" height=\"200\" src=\"https:\/\/www.img-ltd.com\/wp-content\/uploads\/2023\/12\/ilkay-genc-logo-1959-200x200-1.webp\" class=\"attachment-medium size-medium wp-image-260\" alt=\"\" srcset=\"https:\/\/www.img-ltd.com\/wp-content\/uploads\/2023\/12\/ilkay-genc-logo-1959-200x200-1.webp 200w, https:\/\/www.img-ltd.com\/wp-content\/uploads\/2023\/12\/ilkay-genc-logo-1959-200x200-1-150x150.webp 150w\" sizes=\"(max-width: 200px) 100vw, 200px\" \/>\t\t\t\t\t\t\t\t\t\t\t\t\t\t\t<\/div>\n\t\t\t\t<\/div>\n\t\t\t\t<div class=\"elementor-element elementor-element-619e5ae jkit-equal-height-disable elementor-widget elementor-widget-jkit_icon_box\" data-id=\"619e5ae\" data-element_type=\"widget\" data-widget_type=\"jkit_icon_box.default\">\n\t\t\t\t<div class=\"elementor-widget-container\">\n\t\t\t\t\t<div  class=\"jeg-elementor-kit jkit-icon-box icon-position-left elementor-animation- jeg_module___69dde2c81694a\" ><div class=\"jkit-icon-box-wrapper hover-from-bottom\"><div class=\"icon-box icon-box-body\">\n                <h2 class=\"title\">\u0130LKAY M. GEN\u00c7 LTD<\/h2><p class=\"icon-box-description\">1959 y\u0131l\u0131nda Gazima\u011fusa\u2019da k\u00fc\u00e7\u00fck bir h\u0131rdavat d\u00fckkan\u0131 olarak kuruldu. \u0130lk ithalat\u0131n\u0131 1960 y\u0131l\u0131nda ger\u00e7ekle\u015ftirdi. 1973 y\u0131l\u0131nda \u015firketle\u015ferek \u0130lkay M. Gen\u00e7 Ltd. ad\u0131 alt\u0131nda faaliyetlerini s\u00fcrd\u00fcrd\u00fc. <\/p>\n            <\/div>\n            \n            <\/div><\/div>\t\t\t\t<\/div>\n\t\t\t\t<\/div>\n\t\t\t\t\t<\/div>\n\t\t<\/div>\n\t\t\t\t<div class=\"elementor-column elementor-col-33 elementor-inner-column elementor-element elementor-element-149ee0f7\" data-id=\"149ee0f7\" data-element_type=\"column\">\n\t\t\t<div class=\"elementor-widget-wrap elementor-element-populated\">\n\t\t\t\t\t\t<div class=\"elementor-element elementor-element-1b5923e elementor-widget elementor-widget-image\" data-id=\"1b5923e\" data-element_type=\"widget\" data-widget_type=\"image.default\">\n\t\t\t\t<div class=\"elementor-widget-container\">\n\t\t\t\t\t\t\t\t\t\t\t\t\t\t\t<img fetchpriority=\"high\" decoding=\"async\" width=\"300\" height=\"199\" src=\"https:\/\/www.img-ltd.com\/wp-content\/uploads\/2023\/12\/igclogo.webp\" class=\"attachment-medium size-medium wp-image-261\" alt=\"\" \/>\t\t\t\t\t\t\t\t\t\t\t\t\t\t\t<\/div>\n\t\t\t\t<\/div>\n\t\t\t\t<div class=\"elementor-element elementor-element-a435410 jkit-equal-height-disable elementor-widget elementor-widget-jkit_icon_box\" data-id=\"a435410\" data-element_type=\"widget\" data-widget_type=\"jkit_icon_box.default\">\n\t\t\t\t<div class=\"elementor-widget-container\">\n\t\t\t\t\t<div  class=\"jeg-elementor-kit jkit-icon-box icon-position-left elementor-animation- jeg_module__1_69dde2c816c49\" ><div class=\"jkit-icon-box-wrapper hover-from-left\"><div class=\"icon-box icon-box-body\">\n                <h2 class=\"title\">\u0130LKAY GEN\u00c7 CONSTRUCTION LTD.<\/h2><p class=\"icon-box-description\">\u0130lkay M. Gen\u00e7. Ltd. b\u00fcnyesinde kurulan Gen\u00e7 Construction KKTC s\u0131n\u0131rlar\u0131 i\u00e7erisinde in\u015faat ve emlak sekt\u00f6r\u00fcnde faaliyet g\u00f6stermektedir. <\/p>\n            <\/div>\n            \n            <\/div><\/div>\t\t\t\t<\/div>\n\t\t\t\t<\/div>\n\t\t\t\t\t<\/div>\n\t\t<\/div>\n\t\t\t\t<div class=\"elementor-column elementor-col-33 elementor-inner-column elementor-element elementor-element-2c0f8a44\" data-id=\"2c0f8a44\" data-element_type=\"column\">\n\t\t\t<div class=\"elementor-widget-wrap elementor-element-populated\">\n\t\t\t\t\t\t<div class=\"elementor-element elementor-element-0ac7272 elementor-widget elementor-widget-spacer\" data-id=\"0ac7272\" data-element_type=\"widget\" data-widget_type=\"spacer.default\">\n\t\t\t\t<div class=\"elementor-widget-container\">\n\t\t\t\t\t\t\t<div class=\"elementor-spacer\">\n\t\t\t<div class=\"elementor-spacer-inner\"><\/div>\n\t\t<\/div>\n\t\t\t\t\t\t<\/div>\n\t\t\t\t<\/div>\n\t\t\t\t<div class=\"elementor-element elementor-element-a7539d8 elementor-widget elementor-widget-image\" data-id=\"a7539d8\" data-element_type=\"widget\" data-widget_type=\"image.default\">\n\t\t\t\t<div class=\"elementor-widget-container\">\n\t\t\t\t\t\t\t\t\t\t\t\t\t\t\t<img decoding=\"async\" width=\"576\" height=\"150\" src=\"https:\/\/www.img-ltd.com\/wp-content\/uploads\/2023\/11\/gench-buyuk.webp\" class=\"attachment-1536x1536 size-1536x1536 wp-image-82\" alt=\"\" srcset=\"https:\/\/www.img-ltd.com\/wp-content\/uploads\/2023\/11\/gench-buyuk.webp 576w, https:\/\/www.img-ltd.com\/wp-content\/uploads\/2023\/11\/gench-buyuk-300x78.webp 300w\" sizes=\"(max-width: 576px) 100vw, 576px\" \/>\t\t\t\t\t\t\t\t\t\t\t\t\t\t\t<\/div>\n\t\t\t\t<\/div>\n\t\t\t\t<div class=\"elementor-element elementor-element-8d289c9 jkit-equal-height-disable elementor-widget elementor-widget-jkit_icon_box\" data-id=\"8d289c9\" data-element_type=\"widget\" data-widget_type=\"jkit_icon_box.default\">\n\t\t\t\t<div class=\"elementor-widget-container\">\n\t\t\t\t\t<div  class=\"jeg-elementor-kit jkit-icon-box icon-position-left elementor-animation- jeg_module__2_69dde2c816ef6\" ><div class=\"jkit-icon-box-wrapper hover-from-bottom\"><div class=\"icon-box icon-box-body\">\n                <h2 class=\"title\">GENCH INTERNATIONAL YAPI MALZEMELERI T\u0130C. LTD.<\/h2><p class=\"icon-box-description\">\u0130lkay M. Genc Ltd. \u015firketinin i\u015ftira\u011f\u0131 olarak 2010 y\u0131l\u0131nda \u0130stanbul\u2019da kurulmu\u015ftur.<\/p>\n            <\/div>\n            \n            <\/div><\/div>\t\t\t\t<\/div>\n\t\t\t\t<\/div>\n\t\t\t\t\t<\/div>\n\t\t<\/div>\n\t\t\t\t\t<\/div>\n\t\t<\/section>\n\t\t\t\t<section class=\"elementor-section elementor-inner-section elementor-element elementor-element-9f87fa3 elementor-section-boxed elementor-section-height-default elementor-section-height-default\" data-id=\"9f87fa3\" data-element_type=\"section\">\n\t\t\t\t\t\t<div class=\"elementor-container elementor-column-gap-no\">\n\t\t\t\t\t<div class=\"elementor-column elementor-col-50 elementor-inner-column elementor-element elementor-element-d570722\" data-id=\"d570722\" data-element_type=\"column\">\n\t\t\t<div class=\"elementor-widget-wrap elementor-element-populated\">\n\t\t\t\t\t\t<div class=\"elementor-element elementor-element-d3e8fda elementor-widget elementor-widget-image\" data-id=\"d3e8fda\" data-element_type=\"widget\" data-widget_type=\"image.default\">\n\t\t\t\t<div class=\"elementor-widget-container\">\n\t\t\t\t\t\t\t\t\t\t\t\t\t\t\t<img loading=\"lazy\" decoding=\"async\" width=\"300\" height=\"139\" src=\"https:\/\/www.img-ltd.com\/wp-content\/uploads\/2023\/12\/66ab96705b0036bb3daad914b83d2472_321x150-300x139.webp\" class=\"attachment-medium size-medium wp-image-263\" alt=\"\" srcset=\"https:\/\/www.img-ltd.com\/wp-content\/uploads\/2023\/12\/66ab96705b0036bb3daad914b83d2472_321x150-300x139.webp 300w, https:\/\/www.img-ltd.com\/wp-content\/uploads\/2023\/12\/66ab96705b0036bb3daad914b83d2472_321x150.webp 321w\" sizes=\"(max-width: 300px) 100vw, 300px\" \/>\t\t\t\t\t\t\t\t\t\t\t\t\t\t\t<\/div>\n\t\t\t\t<\/div>\n\t\t\t\t<div class=\"elementor-element elementor-element-1d71133 jkit-equal-height-disable elementor-widget elementor-widget-jkit_icon_box\" data-id=\"1d71133\" data-element_type=\"widget\" data-widget_type=\"jkit_icon_box.default\">\n\t\t\t\t<div class=\"elementor-widget-container\">\n\t\t\t\t\t<div  class=\"jeg-elementor-kit jkit-icon-box icon-position-left elementor-animation- jeg_module__3_69dde2c817183\" ><div class=\"jkit-icon-box-wrapper hover-from-bottom\"><div class=\"icon-box icon-box-body\">\n                <h2 class=\"title\">CITYDORM \u00d6\u011eRENC\u0130 YURDU<\/h2><p class=\"icon-box-description\">Citydorm \u00d6\u011frenci Yurdu \u0130lkay M. Genc Ltd. \u015firketinin i\u015ftira\u011f\u0131 olarak 2016 y\u0131l\u0131nda, Kuzey K\u0131br\u0131s T\u00fcrk Cumhuriyeti\u2019nin Lefko\u015fa Merkezinde hizmete a\u00e7\u0131lm\u0131\u015ft\u0131r.<\/p>\n            <\/div>\n            \n            <\/div><\/div>\t\t\t\t<\/div>\n\t\t\t\t<\/div>\n\t\t\t\t\t<\/div>\n\t\t<\/div>\n\t\t\t\t<div class=\"elementor-column elementor-col-50 elementor-inner-column elementor-element elementor-element-3f319e75\" data-id=\"3f319e75\" data-element_type=\"column\">\n\t\t\t<div class=\"elementor-widget-wrap elementor-element-populated\">\n\t\t\t\t\t\t<div class=\"elementor-element elementor-element-4515a67 elementor-widget elementor-widget-spacer\" data-id=\"4515a67\" data-element_type=\"widget\" data-widget_type=\"spacer.default\">\n\t\t\t\t<div class=\"elementor-widget-container\">\n\t\t\t\t\t\t\t<div class=\"elementor-spacer\">\n\t\t\t<div class=\"elementor-spacer-inner\"><\/div>\n\t\t<\/div>\n\t\t\t\t\t\t<\/div>\n\t\t\t\t<\/div>\n\t\t\t\t<div class=\"elementor-element elementor-element-c718fa4 elementor-widget elementor-widget-image\" data-id=\"c718fa4\" data-element_type=\"widget\" data-widget_type=\"image.default\">\n\t\t\t\t<div class=\"elementor-widget-container\">\n\t\t\t\t\t\t\t\t\t\t\t\t\t\t\t<img loading=\"lazy\" decoding=\"async\" width=\"321\" height=\"80\" src=\"https:\/\/www.img-ltd.com\/wp-content\/uploads\/2023\/12\/gsuites-e1545164825924.webp\" class=\"attachment-large size-large wp-image-264\" alt=\"\" srcset=\"https:\/\/www.img-ltd.com\/wp-content\/uploads\/2023\/12\/gsuites-e1545164825924.webp 321w, https:\/\/www.img-ltd.com\/wp-content\/uploads\/2023\/12\/gsuites-e1545164825924-300x75.webp 300w\" sizes=\"(max-width: 321px) 100vw, 321px\" \/>\t\t\t\t\t\t\t\t\t\t\t\t\t\t\t<\/div>\n\t\t\t\t<\/div>\n\t\t\t\t<div class=\"elementor-element elementor-element-29a56fc jkit-equal-height-disable elementor-widget elementor-widget-jkit_icon_box\" data-id=\"29a56fc\" data-element_type=\"widget\" data-widget_type=\"jkit_icon_box.default\">\n\t\t\t\t<div class=\"elementor-widget-container\">\n\t\t\t\t\t<div  class=\"jeg-elementor-kit jkit-icon-box icon-position-left elementor-animation- jeg_module__4_69dde2c81740e\" ><div class=\"jkit-icon-box-wrapper hover-from-bottom\"><div class=\"icon-box icon-box-body\">\n                <h2 class=\"title\">G Suites Luxury Rentals<\/h2><p class=\"icon-box-description\">G Suites Luxury Rentals, \u0130lkay M. Genc Ltd. \u015firketinin i\u015ftira\u011f\u0131 olarak 2018 y\u0131l\u0131nda Kuzey K\u0131br\u0131s T\u00fcrk Cumhuriyeti\u2019nin Lefko\u015fa \u015fehrinde 24 adet l\u00fcks kiral\u0131k odas\u0131yla hizmete a\u00e7\u0131lm\u0131\u015ft\u0131r.<\/p>\n            <\/div>\n            \n            <\/div><\/div>\t\t\t\t<\/div>\n\t\t\t\t<\/div>\n\t\t\t\t\t<\/div>\n\t\t<\/div>\n\t\t\t\t\t<\/div>\n\t\t<\/section>\n\t\t\t\t\t<\/div>\n\t\t<\/div>\n\t\t\t\t\t<\/div>\n\t\t<\/section>\n\t\t\t\t<section class=\"elementor-section elementor-top-section elementor-element elementor-element-fac4e45 elementor-section-boxed elementor-section-height-default elementor-section-height-default\" data-id=\"fac4e45\" data-element_type=\"section\" data-settings=\"{&quot;background_background&quot;:&quot;classic&quot;}\">\n\t\t\t\t\t\t<div class=\"elementor-container elementor-column-gap-default\">\n\t\t\t\t\t<div class=\"elementor-column elementor-col-100 elementor-top-column elementor-element elementor-element-1a6abcd\" data-id=\"1a6abcd\" data-element_type=\"column\">\n\t\t\t<div class=\"elementor-widget-wrap elementor-element-populated\">\n\t\t\t\t\t\t<div class=\"elementor-element elementor-element-300d45a elementor-widget elementor-widget-heading\" data-id=\"300d45a\" data-element_type=\"widget\" data-widget_type=\"heading.default\">\n\t\t\t\t<div class=\"elementor-widget-container\">\n\t\t\t\t\t<h2 class=\"elementor-heading-title elementor-size-default\">Distribit\u00f6rl\u00fckler<\/h2>\t\t\t\t<\/div>\n\t\t\t\t<\/div>\n\t\t\t\t\t<\/div>\n\t\t<\/div>\n\t\t\t\t\t<\/div>\n\t\t<\/section>\n\t\t\t\t<section class=\"elementor-section elementor-top-section elementor-element elementor-element-fd3186b elementor-section-boxed elementor-section-height-default elementor-section-height-default\" data-id=\"fd3186b\" data-element_type=\"section\" data-settings=\"{&quot;background_background&quot;:&quot;classic&quot;}\">\n\t\t\t\t\t\t<div class=\"elementor-container elementor-column-gap-default\">\n\t\t\t\t\t<div class=\"elementor-column elementor-col-20 elementor-top-column elementor-element elementor-element-7918702\" data-id=\"7918702\" data-element_type=\"column\">\n\t\t\t<div class=\"elementor-widget-wrap elementor-element-populated\">\n\t\t\t\t\t\t<div class=\"elementor-element elementor-element-5e49cfb elementor-widget elementor-widget-image\" data-id=\"5e49cfb\" data-element_type=\"widget\" data-widget_type=\"image.default\">\n\t\t\t\t<div class=\"elementor-widget-container\">\n\t\t\t\t\t\t\t\t\t\t\t\t\t\t\t<img loading=\"lazy\" decoding=\"async\" width=\"210\" height=\"90\" src=\"https:\/\/www.img-ltd.com\/wp-content\/uploads\/2023\/12\/bosch.png\" class=\"attachment-full size-full wp-image-147\" alt=\"\" \/>\t\t\t\t\t\t\t\t\t\t\t\t\t\t\t<\/div>\n\t\t\t\t<\/div>\n\t\t\t\t\t<\/div>\n\t\t<\/div>\n\t\t\t\t<div class=\"elementor-column elementor-col-20 elementor-top-column elementor-element elementor-element-8197bf4\" data-id=\"8197bf4\" data-element_type=\"column\">\n\t\t\t<div class=\"elementor-widget-wrap elementor-element-populated\">\n\t\t\t\t\t\t<div class=\"elementor-element elementor-element-51b28d1 elementor-widget elementor-widget-image\" data-id=\"51b28d1\" data-element_type=\"widget\" data-widget_type=\"image.default\">\n\t\t\t\t<div class=\"elementor-widget-container\">\n\t\t\t\t\t\t\t\t\t\t\t\t\t\t\t<img loading=\"lazy\" decoding=\"async\" width=\"210\" height=\"90\" src=\"https:\/\/www.img-ltd.com\/wp-content\/uploads\/2023\/12\/claber.png\" class=\"attachment-full size-full wp-image-148\" alt=\"\" \/>\t\t\t\t\t\t\t\t\t\t\t\t\t\t\t<\/div>\n\t\t\t\t<\/div>\n\t\t\t\t\t<\/div>\n\t\t<\/div>\n\t\t\t\t<div class=\"elementor-column elementor-col-20 elementor-top-column elementor-element elementor-element-7e849f5\" data-id=\"7e849f5\" data-element_type=\"column\">\n\t\t\t<div class=\"elementor-widget-wrap elementor-element-populated\">\n\t\t\t\t\t\t<div class=\"elementor-element elementor-element-0f47b04 elementor-widget elementor-widget-image\" data-id=\"0f47b04\" data-element_type=\"widget\" data-widget_type=\"image.default\">\n\t\t\t\t<div class=\"elementor-widget-container\">\n\t\t\t\t\t\t\t\t\t\t\t\t\t\t\t<img loading=\"lazy\" decoding=\"async\" width=\"210\" height=\"90\" src=\"https:\/\/www.img-ltd.com\/wp-content\/uploads\/2023\/12\/idevit.png\" class=\"attachment-full size-full wp-image-149\" alt=\"\" \/>\t\t\t\t\t\t\t\t\t\t\t\t\t\t\t<\/div>\n\t\t\t\t<\/div>\n\t\t\t\t\t<\/div>\n\t\t<\/div>\n\t\t\t\t<div class=\"elementor-column elementor-col-20 elementor-top-column elementor-element elementor-element-32e8ae8\" data-id=\"32e8ae8\" data-element_type=\"column\">\n\t\t\t<div class=\"elementor-widget-wrap elementor-element-populated\">\n\t\t\t\t\t\t<div class=\"elementor-element elementor-element-14f11e5 elementor-widget elementor-widget-image\" data-id=\"14f11e5\" data-element_type=\"widget\" data-widget_type=\"image.default\">\n\t\t\t\t<div class=\"elementor-widget-container\">\n\t\t\t\t\t\t\t\t\t\t\t\t\t\t\t<img loading=\"lazy\" decoding=\"async\" width=\"210\" height=\"90\" src=\"https:\/\/www.img-ltd.com\/wp-content\/uploads\/2023\/12\/mw2.png\" class=\"attachment-full size-full wp-image-150\" alt=\"\" \/>\t\t\t\t\t\t\t\t\t\t\t\t\t\t\t<\/div>\n\t\t\t\t<\/div>\n\t\t\t\t\t<\/div>\n\t\t<\/div>\n\t\t\t\t<div class=\"elementor-column elementor-col-20 elementor-top-column elementor-element elementor-element-1622106\" data-id=\"1622106\" data-element_type=\"column\">\n\t\t\t<div class=\"elementor-widget-wrap elementor-element-populated\">\n\t\t\t\t\t\t<div class=\"elementor-element elementor-element-8a19b71 elementor-widget elementor-widget-image\" data-id=\"8a19b71\" data-element_type=\"widget\" data-widget_type=\"image.default\">\n\t\t\t\t<div class=\"elementor-widget-container\">\n\t\t\t\t\t\t\t\t\t\t\t\t\t\t\t<img loading=\"lazy\" decoding=\"async\" width=\"210\" height=\"90\" src=\"https:\/\/www.img-ltd.com\/wp-content\/uploads\/2023\/12\/YRTBAY.png\" class=\"attachment-full size-full wp-image-151\" alt=\"\" \/>\t\t\t\t\t\t\t\t\t\t\t\t\t\t\t<\/div>\n\t\t\t\t<\/div>\n\t\t\t\t\t<\/div>\n\t\t<\/div>\n\t\t\t\t\t<\/div>\n\t\t<\/section>\n\t\t\t\t<\/div>","protected":false},"excerpt":{"rendered":"<p>Sekt\u00f6rler Ana Sayfa Grup \u015eirketlerimiz Sekt\u00f6rler Grup \u015eirketlerimiz \u0130lkay M. Gen\u00e7 LTD Bir \u00e7ok farkl\u0131 alanda hizmet veren sekt\u00f6rel firmalara sahiptir. \u0130LKAY M. GEN\u00c7 LTD 1959 y\u0131l\u0131nda Gazima\u011fusa\u2019da k\u00fc\u00e7\u00fck bir h\u0131rdavat d\u00fckkan\u0131 olarak kuruldu. \u0130lk ithalat\u0131n\u0131 1960 y\u0131l\u0131nda ger\u00e7ekle\u015ftirdi. 1973 y\u0131l\u0131nda \u015firketle\u015ferek \u0130lkay M. Gen\u00e7 Ltd. ad\u0131 alt\u0131nda faaliyetlerini s\u00fcrd\u00fcrd\u00fc. \u0130LKAY GEN\u00c7 CONSTRUCTION LTD. \u0130lkay M. Gen\u00e7. Ltd. b\u00fcnyesinde kurulan Gen\u00e7 Construction KKTC s\u0131n\u0131rlar\u0131 i\u00e7erisinde in\u015faat ve emlak sekt\u00f6r\u00fcnde faaliyet g\u00f6stermektedir. GENCH INTERNATIONAL YAPI MALZEMELERI T\u0130C. LTD. \u0130lkay M. Genc Ltd. \u015firketinin i\u015ftira\u011f\u0131 olarak 2010 y\u0131l\u0131nda \u0130stanbul\u2019da kurulmu\u015ftur. CITYDORM \u00d6\u011eRENC\u0130 YURDU Citydorm \u00d6\u011frenci Yurdu \u0130lkay M. Genc Ltd. \u015firketinin i\u015ftira\u011f\u0131<\/p>","protected":false},"author":1,"featured_media":0,"parent":0,"menu_order":0,"comment_status":"closed","ping_status":"closed","template":"elementor_header_footer","meta":{"_joinchat":[],"footnotes":""},"class_list":["post-64","page","type-page","status-publish","hentry"],"_links":{"self":[{"href":"https:\/\/www.img-ltd.com\/en\/wp-json\/wp\/v2\/pages\/64","targetHints":{"allow":["GET"]}}],"collection":[{"href":"https:\/\/www.img-ltd.com\/en\/wp-json\/wp\/v2\/pages"}],"about":[{"href":"https:\/\/www.img-ltd.com\/en\/wp-json\/wp\/v2\/types\/page"}],"author":[{"embeddable":true,"href":"https:\/\/www.img-ltd.com\/en\/wp-json\/wp\/v2\/users\/1"}],"replies":[{"embeddable":true,"href":"https:\/\/www.img-ltd.com\/en\/wp-json\/wp\/v2\/comments?post=64"}],"version-history":[{"count":12,"href":"https:\/\/www.img-ltd.com\/en\/wp-json\/wp\/v2\/pages\/64\/revisions"}],"predecessor-version":[{"id":277,"href":"https:\/\/www.img-ltd.com\/en\/wp-json\/wp\/v2\/pages\/64\/revisions\/277"}],"wp:attachment":[{"href":"https:\/\/www.img-ltd.com\/en\/wp-json\/wp\/v2\/media?parent=64"}],"curies":[{"name":"wp","href":"https:\/\/api.w.org\/{rel}","templated":true}]}}