{"id":377,"date":"2023-12-21T13:51:31","date_gmt":"2023-12-21T13:51:31","guid":{"rendered":"https:\/\/www.websitekibris.com\/?page_id=377"},"modified":"2023-12-21T14:01:47","modified_gmt":"2023-12-21T14:01:47","slug":"vizyon-misyon","status":"publish","type":"page","link":"https:\/\/www.img-ltd.com\/en\/vizyon-misyon\/","title":{"rendered":"Vizyon &#038; Misyon"},"content":{"rendered":"<div data-elementor-type=\"wp-page\" data-elementor-id=\"377\" class=\"elementor elementor-377\">\n\t\t\t\t<div class=\"elementor-element elementor-element-6be5fe1 e-con-full e-flex e-con e-parent\" data-id=\"6be5fe1\" data-element_type=\"container\">\n\t\t<div class=\"elementor-element elementor-element-3699dd1 e-con-full e-flex e-con e-child\" data-id=\"3699dd1\" data-element_type=\"container\" data-settings=\"{&quot;background_background&quot;:&quot;classic&quot;}\">\n\t\t\t\t<div class=\"elementor-element elementor-element-6eb5ae8 elementor-widget elementor-widget-heading\" data-id=\"6eb5ae8\" data-element_type=\"widget\" data-widget_type=\"heading.default\">\n\t\t\t\t<div class=\"elementor-widget-container\">\n\t\t\t\t\t<h2 class=\"elementor-heading-title elementor-size-default\">Vizyon<\/h2>\t\t\t\t<\/div>\n\t\t\t\t<\/div>\n\t\t\t\t<div class=\"elementor-element elementor-element-a174992 elementor-view-default elementor-widget elementor-widget-icon\" data-id=\"a174992\" data-element_type=\"widget\" data-widget_type=\"icon.default\">\n\t\t\t\t<div class=\"elementor-widget-container\">\n\t\t\t\t\t\t\t<div class=\"elementor-icon-wrapper\">\n\t\t\t<div class=\"elementor-icon\">\n\t\t\t<svg aria-hidden=\"true\" class=\"e-font-icon-svg e-fas-pen-nib\" viewbox=\"0 0 512 512\" xmlns=\"http:\/\/www.w3.org\/2000\/svg\"><path d=\"M136.6 138.79a64.003 64.003 0 0 0-43.31 41.35L0 460l14.69 14.69L164.8 324.58c-2.99-6.26-4.8-13.18-4.8-20.58 0-26.51 21.49-48 48-48s48 21.49 48 48-21.49 48-48 48c-7.4 0-14.32-1.81-20.58-4.8L37.31 497.31 52 512l279.86-93.29a64.003 64.003 0 0 0 41.35-43.31L416 224 288 96l-151.4 42.79zm361.34-64.62l-60.11-60.11c-18.75-18.75-49.16-18.75-67.91 0l-56.55 56.55 128.02 128.02 56.55-56.55c18.75-18.75 18.75-49.15 0-67.91z\"><\/path><\/svg>\t\t\t<\/div>\n\t\t<\/div>\n\t\t\t\t\t\t<\/div>\n\t\t\t\t<\/div>\n\t\t\t\t<\/div>\n\t\t<div class=\"elementor-element elementor-element-f1bc435 e-con-full e-flex e-con e-child\" data-id=\"f1bc435\" data-element_type=\"container\">\n\t\t\t\t<div class=\"elementor-element elementor-element-1f42276 elementor-widget elementor-widget-text-editor\" data-id=\"1f42276\" data-element_type=\"widget\" data-widget_type=\"text-editor.default\">\n\t\t\t\t<div class=\"elementor-widget-container\">\n\t\t\t\t\t\t\t\t\t<p style=\"text-align: center;\">Kurumsalla\u015fm\u0131\u015f, sekt\u00f6r\u00fcnde 1 numara olan, s\u00fcrekli yat\u0131r\u0131m ve geli\u015fimlerle b\u00fcy\u00fcyen, g\u00fc\u00e7l\u00fc markas\u0131yla ve \u00fcst\u00fcn hizmet kalitesiyle \u00e7al\u0131\u015fanlar\u0131n ve m\u00fc\u015fterilerin tercih etti\u011fi bir firma olmakt\u0131r.<\/p>\t\t\t\t\t\t\t\t<\/div>\n\t\t\t\t<\/div>\n\t\t\t\t<\/div>\n\t\t\t\t<\/div>\n\t\t<div class=\"elementor-element elementor-element-ce5b9e8 e-con-full e-flex e-con e-parent\" data-id=\"ce5b9e8\" data-element_type=\"container\">\n\t\t<div class=\"elementor-element elementor-element-d846568 e-con-full e-flex e-con e-child\" data-id=\"d846568\" data-element_type=\"container\">\n\t\t\t\t<div class=\"elementor-element elementor-element-1b899cb elementor-widget elementor-widget-text-editor\" data-id=\"1b899cb\" data-element_type=\"widget\" data-widget_type=\"text-editor.default\">\n\t\t\t\t<div class=\"elementor-widget-container\">\n\t\t\t\t\t\t\t\t\t<p style=\"text-align: center;\">Biz \u0130lkay M. Gen\u00e7 Ltd. olarak; m\u00fc\u015fterilerimize \u00e7\u00f6z\u00fcm sunmak ve ihtiya\u00e7lar\u0131n\u0131 an\u0131nda kar\u015f\u0131lamak i\u00e7in, d\u00fcr\u00fcst ve etik ticaretin \u00f6rne\u011fi olmak, \u00e7al\u0131\u015fanlar\u0131m\u0131za daha iyi ekonomik ve sosyal imkanlar sunabilmek i\u00e7in ayr\u0131ca \u00fclke ekonomisinin kalk\u0131nmas\u0131na katk\u0131da bulunmak i\u00e7in var\u0131z.<\/p>\t\t\t\t\t\t\t\t<\/div>\n\t\t\t\t<\/div>\n\t\t\t\t<\/div>\n\t\t<div class=\"elementor-element elementor-element-a7fa7f6 e-con-full e-flex e-con e-child\" data-id=\"a7fa7f6\" data-element_type=\"container\">\n\t\t\t\t<div class=\"elementor-element elementor-element-f761b3f elementor-widget elementor-widget-heading\" data-id=\"f761b3f\" data-element_type=\"widget\" data-widget_type=\"heading.default\">\n\t\t\t\t<div class=\"elementor-widget-container\">\n\t\t\t\t\t<h2 class=\"elementor-heading-title elementor-size-default\">Misyon<\/h2>\t\t\t\t<\/div>\n\t\t\t\t<\/div>\n\t\t\t\t<div class=\"elementor-element elementor-element-0ee3b89 elementor-view-default elementor-widget elementor-widget-icon\" data-id=\"0ee3b89\" data-element_type=\"widget\" data-widget_type=\"icon.default\">\n\t\t\t\t<div class=\"elementor-widget-container\">\n\t\t\t\t\t\t\t<div class=\"elementor-icon-wrapper\">\n\t\t\t<div class=\"elementor-icon\">\n\t\t\t<svg aria-hidden=\"true\" class=\"e-font-icon-svg e-fas-pen-nib\" viewbox=\"0 0 512 512\" xmlns=\"http:\/\/www.w3.org\/2000\/svg\"><path d=\"M136.6 138.79a64.003 64.003 0 0 0-43.31 41.35L0 460l14.69 14.69L164.8 324.58c-2.99-6.26-4.8-13.18-4.8-20.58 0-26.51 21.49-48 48-48s48 21.49 48 48-21.49 48-48 48c-7.4 0-14.32-1.81-20.58-4.8L37.31 497.31 52 512l279.86-93.29a64.003 64.003 0 0 0 41.35-43.31L416 224 288 96l-151.4 42.79zm361.34-64.62l-60.11-60.11c-18.75-18.75-49.16-18.75-67.91 0l-56.55 56.55 128.02 128.02 56.55-56.55c18.75-18.75 18.75-49.15 0-67.91z\"><\/path><\/svg>\t\t\t<\/div>\n\t\t<\/div>\n\t\t\t\t\t\t<\/div>\n\t\t\t\t<\/div>\n\t\t\t\t<\/div>\n\t\t\t\t<\/div>\n\t\t<div class=\"elementor-element elementor-element-78ffa12 e-flex e-con-boxed e-con e-parent\" data-id=\"78ffa12\" data-element_type=\"container\">\n\t\t\t\t\t<div class=\"e-con-inner\">\n\t\t\t\t<div class=\"elementor-element elementor-element-6dc0c2a elementor-widget elementor-widget-heading\" data-id=\"6dc0c2a\" data-element_type=\"widget\" data-widget_type=\"heading.default\">\n\t\t\t\t<div class=\"elementor-widget-container\">\n\t\t\t\t\t<h2 class=\"elementor-heading-title elementor-size-default\">De\u011ferlerimiz<\/h2>\t\t\t\t<\/div>\n\t\t\t\t<\/div>\n\t\t\t\t\t<\/div>\n\t\t\t\t<\/div>\n\t\t<div class=\"elementor-element elementor-element-d6c4ee3 e-flex e-con-boxed e-con e-parent\" data-id=\"d6c4ee3\" data-element_type=\"container\">\n\t\t\t\t\t<div class=\"e-con-inner\">\n\t\t<div class=\"elementor-element elementor-element-93d5eb7 e-con-full e-flex e-con e-child\" data-id=\"93d5eb7\" data-element_type=\"container\">\n\t\t\t\t<div class=\"elementor-element elementor-element-d975169 elementor-widget elementor-widget-image\" data-id=\"d975169\" data-element_type=\"widget\" data-widget_type=\"image.default\">\n\t\t\t\t<div class=\"elementor-widget-container\">\n\t\t\t\t\t\t\t\t\t\t\t\t\t\t\t<img fetchpriority=\"high\" decoding=\"async\" width=\"960\" height=\"662\" src=\"https:\/\/www.img-ltd.com\/wp-content\/uploads\/2023\/12\/Mobilay-Gorseller-e1703167220740-1024x706.png\" class=\"attachment-large size-large wp-image-383\" alt=\"\" srcset=\"https:\/\/www.img-ltd.com\/wp-content\/uploads\/2023\/12\/Mobilay-Gorseller-e1703167220740-1024x706.png 1024w, https:\/\/www.img-ltd.com\/wp-content\/uploads\/2023\/12\/Mobilay-Gorseller-e1703167220740-300x207.png 300w, https:\/\/www.img-ltd.com\/wp-content\/uploads\/2023\/12\/Mobilay-Gorseller-e1703167220740-768x530.png 768w, https:\/\/www.img-ltd.com\/wp-content\/uploads\/2023\/12\/Mobilay-Gorseller-e1703167220740-18x12.png 18w, https:\/\/www.img-ltd.com\/wp-content\/uploads\/2023\/12\/Mobilay-Gorseller-e1703167220740.png 1080w\" sizes=\"(max-width: 960px) 100vw, 960px\" \/>\t\t\t\t\t\t\t\t\t\t\t\t\t\t\t<\/div>\n\t\t\t\t<\/div>\n\t\t\t\t<\/div>\n\t\t<div class=\"elementor-element elementor-element-2a2772d e-con-full e-flex e-con e-child\" data-id=\"2a2772d\" data-element_type=\"container\">\n\t\t\t\t<div class=\"elementor-element elementor-element-a5d486a elementor-widget elementor-widget-text-editor\" data-id=\"a5d486a\" data-element_type=\"widget\" data-widget_type=\"text-editor.default\">\n\t\t\t\t<div class=\"elementor-widget-container\">\n\t\t\t\t\t\t\t\t\t<p>Disiplin \u2013 Tak\u0131m \u00c7al\u0131\u015fmas\u0131 \u2013 Sayg\u0131 \u2013 Personelimiz \u2013 \u015eeffaf Bilgi Payla\u015f\u0131m\u0131 \u2013 G\u00fcvenilirlik \u2013 D\u00fcr\u00fcstl\u00fck-\u0130\u015f Ahlak\u0131 \u2013 Ba\u015farma Azmi \u2013 Teknoloji Kullan\u0131m\u0131<\/p>\t\t\t\t\t\t\t\t<\/div>\n\t\t\t\t<\/div>\n\t\t\t\t<\/div>\n\t\t\t\t\t<\/div>\n\t\t\t\t<\/div>\n\t\t\t\t<\/div>","protected":false},"excerpt":{"rendered":"<p>Vizyon Kurumsalla\u015fm\u0131\u015f, sekt\u00f6r\u00fcnde 1 numara olan, s\u00fcrekli yat\u0131r\u0131m ve geli\u015fimlerle b\u00fcy\u00fcyen, g\u00fc\u00e7l\u00fc markas\u0131yla ve \u00fcst\u00fcn hizmet kalitesiyle \u00e7al\u0131\u015fanlar\u0131n ve m\u00fc\u015fterilerin tercih etti\u011fi bir firma olmakt\u0131r. Biz \u0130lkay M. Gen\u00e7 Ltd. olarak; m\u00fc\u015fterilerimize \u00e7\u00f6z\u00fcm sunmak ve ihtiya\u00e7lar\u0131n\u0131 an\u0131nda kar\u015f\u0131lamak i\u00e7in, d\u00fcr\u00fcst ve etik ticaretin \u00f6rne\u011fi olmak, \u00e7al\u0131\u015fanlar\u0131m\u0131za daha iyi ekonomik ve sosyal imkanlar sunabilmek i\u00e7in ayr\u0131ca \u00fclke ekonomisinin kalk\u0131nmas\u0131na katk\u0131da bulunmak i\u00e7in var\u0131z. Misyon De\u011ferlerimiz Disiplin \u2013 Tak\u0131m \u00c7al\u0131\u015fmas\u0131 \u2013 Sayg\u0131 \u2013 Personelimiz \u2013 \u015eeffaf Bilgi Payla\u015f\u0131m\u0131 \u2013 G\u00fcvenilirlik \u2013 D\u00fcr\u00fcstl\u00fck-\u0130\u015f Ahlak\u0131 \u2013 Ba\u015farma Azmi \u2013 Teknoloji Kullan\u0131m\u0131<\/p>","protected":false},"author":1,"featured_media":0,"parent":0,"menu_order":0,"comment_status":"closed","ping_status":"closed","template":"","meta":{"_joinchat":[],"footnotes":""},"class_list":["post-377","page","type-page","status-publish","hentry"],"_links":{"self":[{"href":"https:\/\/www.img-ltd.com\/en\/wp-json\/wp\/v2\/pages\/377","targetHints":{"allow":["GET"]}}],"collection":[{"href":"https:\/\/www.img-ltd.com\/en\/wp-json\/wp\/v2\/pages"}],"about":[{"href":"https:\/\/www.img-ltd.com\/en\/wp-json\/wp\/v2\/types\/page"}],"author":[{"embeddable":true,"href":"https:\/\/www.img-ltd.com\/en\/wp-json\/wp\/v2\/users\/1"}],"replies":[{"embeddable":true,"href":"https:\/\/www.img-ltd.com\/en\/wp-json\/wp\/v2\/comments?post=377"}],"version-history":[{"count":7,"href":"https:\/\/www.img-ltd.com\/en\/wp-json\/wp\/v2\/pages\/377\/revisions"}],"predecessor-version":[{"id":386,"href":"https:\/\/www.img-ltd.com\/en\/wp-json\/wp\/v2\/pages\/377\/revisions\/386"}],"wp:attachment":[{"href":"https:\/\/www.img-ltd.com\/en\/wp-json\/wp\/v2\/media?parent=377"}],"curies":[{"name":"wp","href":"https:\/\/api.w.org\/{rel}","templated":true}]}}