{"id":368,"date":"2023-12-21T13:48:18","date_gmt":"2023-12-21T13:48:18","guid":{"rendered":"https:\/\/www.websitekibris.com\/?page_id=368"},"modified":"2025-03-05T09:38:37","modified_gmt":"2025-03-05T09:38:37","slug":"ilkay-m-genc-ltd-dunden-bugune","status":"publish","type":"page","link":"https:\/\/www.img-ltd.com\/en\/ilkay-m-genc-ltd-dunden-bugune\/","title":{"rendered":"\u0130lkay M. Gen\u00e7 Ltd. D\u00fcnden Bug\u00fcne"},"content":{"rendered":"<div data-elementor-type=\"wp-page\" data-elementor-id=\"368\" class=\"elementor elementor-368\">\n\t\t\t\t<div class=\"elementor-element elementor-element-4c3b6c4 e-flex e-con-boxed e-con e-parent\" data-id=\"4c3b6c4\" data-element_type=\"container\">\n\t\t\t\t\t<div class=\"e-con-inner\">\n\t\t\t\t<div class=\"elementor-element elementor-element-b853ff4 elementor-widget elementor-widget-text-editor\" data-id=\"b853ff4\" data-element_type=\"widget\" data-widget_type=\"text-editor.default\">\n\t\t\t\t<div class=\"elementor-widget-container\">\n\t\t\t\t\t\t\t\t\t<p>\u015eirketimiz 1959 y\u0131l\u0131nda Gazima\u011fusa\u2019da Mustafa Halil Gen\u00e7 taraf\u0131ndan k\u00fc\u00e7\u00fck bir h\u0131rdavat d\u00fckkan\u0131 olarak kuruldu. \u0130lk ithalat 1960 y\u0131l\u0131nda ger\u00e7ekle\u015ftirildi. 25 Aral\u0131k 1963 tarihinde \u015firketimizin kurucusu Mustafa Halil Gen\u00e7\u2019in K\u0131br\u0131s\u2019taki toplumlar aras\u0131 \u00e7at\u0131\u015fmalarda \u015fehit d\u00fc\u015fmesiyle birlikte, ailenin tek o\u011flu olan \u0130lkay Gen\u00e7 \u2018\u2019 \u0130lkay M. Gen\u00e7 Ticarethanesi \u2018\u2019 ad\u0131 alt\u0131nda \u015firketin devam\u0131n\u0131 sa\u011flad\u0131.<\/p><p>28 \u015eubat 1973 tarihinde \u0130lkay M. Gen\u00e7 Ltd. \u015firketi kuruldu. Firmam\u0131z, K\u0131br\u0131s\u2019ta T\u00fcrkiye ile ilk ticari ili\u015fkileri kuran ve T\u00fcrk mallar\u0131n\u0131 ( \u00c7BS boyalar\u0131 kap\u0131 ve pencere camlar\u0131, Borusan mam\u00fclleri, \u0130zelta\u015f el aletleri, Bursa\u2019dan marangoz makinalar\u0131 ) K\u0131br\u0131s\u2019a ithal eden ve sat\u0131\u015f\u0131n\u0131 y\u00fcr\u00fcten birka\u00e7 T\u00fcrk firmas\u0131ndan biridir. Gazima\u011fusa, Lefko\u015fa ve Girne\u00a0kazalar\u0131nda birer Yap\u0131 Marketimiz mevcuttur.<\/p><p>Toplam 15.000 metrekare alan \u00fczerinde kurulu, ayr\u0131ca \u015firket b\u00fcnyesinde; in\u015faat malzemesi, h\u0131rdavat, el aletleri, boya, seramik, banyo ve s\u0131hhi tesisat gibi 22.000 \u00e7e\u015fit \u00fcr\u00fcn bulunmaktad\u0131r. \u015eirketimiz, Yap\u0131 Marketlerinde perakende sat\u0131\u015f\u0131n\u0131n yan\u0131nda, Kuzey K\u0131br\u0131s T\u00fcrk Cumhuriyeti pazar\u0131na toptan da\u011f\u0131t\u0131m yapan servisleri vard\u0131r.<\/p><p>\u0130thalat yap\u0131lan \u00fclke say\u0131s\u0131 15 ve i\u015fbirli\u011fi yap\u0131lan firma say\u0131s\u0131 100\u2019\u00fc a\u015fmaktad\u0131r. \u015eirketimiz son on y\u0131lda bina, teknoloji ve insan kaynaklar\u0131 yat\u0131r\u0131mlar\u0131na b\u00fcy\u00fck kaynak ay\u0131rm\u0131\u015ft\u0131r. Bu yat\u0131r\u0131mlarla pazardaki lider konumunu g\u00fc\u00e7lendirmi\u015f ve gelece\u011fe emin ad\u0131mlarla ilerlemektedir.<\/p>\t\t\t\t\t\t\t\t<\/div>\n\t\t\t\t<\/div>\n\t\t\t\t<div class=\"elementor-element elementor-element-c184b22 elementor-widget elementor-widget-image\" data-id=\"c184b22\" data-element_type=\"widget\" data-widget_type=\"image.default\">\n\t\t\t\t<div class=\"elementor-widget-container\">\n\t\t\t\t\t\t\t\t\t\t\t\t\t\t\t<img decoding=\"async\" width=\"300\" height=\"110\" src=\"https:\/\/www.img-ltd.com\/wp-content\/uploads\/2023\/11\/GENC_YAPI_LOGO_2018-01-300x110.webp\" class=\"attachment-medium size-medium wp-image-127\" alt=\"\" srcset=\"https:\/\/www.img-ltd.com\/wp-content\/uploads\/2023\/11\/GENC_YAPI_LOGO_2018-01-300x110.webp 300w, https:\/\/www.img-ltd.com\/wp-content\/uploads\/2023\/11\/GENC_YAPI_LOGO_2018-01-1024x375.webp 1024w, https:\/\/www.img-ltd.com\/wp-content\/uploads\/2023\/11\/GENC_YAPI_LOGO_2018-01-768x281.webp 768w, https:\/\/www.img-ltd.com\/wp-content\/uploads\/2023\/11\/GENC_YAPI_LOGO_2018-01-1536x563.webp 1536w, https:\/\/www.img-ltd.com\/wp-content\/uploads\/2023\/11\/GENC_YAPI_LOGO_2018-01.webp 1600w\" sizes=\"(max-width: 300px) 100vw, 300px\" \/>\t\t\t\t\t\t\t\t\t\t\t\t\t\t\t<\/div>\n\t\t\t\t<\/div>\n\t\t\t\t<div class=\"elementor-element elementor-element-22f2473 elementor-widget elementor-widget-image\" data-id=\"22f2473\" data-element_type=\"widget\" data-widget_type=\"image.default\">\n\t\t\t\t<div class=\"elementor-widget-container\">\n\t\t\t\t\t\t\t\t\t\t\t\t\t\t\t<img decoding=\"async\" src=\"https:\/\/www.img-ltd.com\/wp-content\/uploads\/2025\/03\/66-ilkaygenc.png\" title=\"\" alt=\"\" loading=\"lazy\" \/>\t\t\t\t\t\t\t\t\t\t\t\t\t\t\t<\/div>\n\t\t\t\t<\/div>\n\t\t\t\t\t<\/div>\n\t\t\t\t<\/div>\n\t\t\t\t<\/div>","protected":false},"excerpt":{"rendered":"<p>\u015eirketimiz 1959 y\u0131l\u0131nda Gazima\u011fusa\u2019da Mustafa Halil Gen\u00e7 taraf\u0131ndan k\u00fc\u00e7\u00fck bir h\u0131rdavat d\u00fckkan\u0131 olarak kuruldu. \u0130lk ithalat 1960 y\u0131l\u0131nda ger\u00e7ekle\u015ftirildi. 25 Aral\u0131k 1963 tarihinde \u015firketimizin kurucusu Mustafa Halil Gen\u00e7\u2019in K\u0131br\u0131s\u2019taki toplumlar aras\u0131 \u00e7at\u0131\u015fmalarda \u015fehit d\u00fc\u015fmesiyle birlikte, ailenin tek o\u011flu olan \u0130lkay Gen\u00e7 \u2018\u2019 \u0130lkay M. Gen\u00e7 Ticarethanesi \u2018\u2019 ad\u0131 alt\u0131nda \u015firketin devam\u0131n\u0131 sa\u011flad\u0131. 28 \u015eubat 1973 tarihinde \u0130lkay M. Gen\u00e7 Ltd. \u015firketi kuruldu. Firmam\u0131z, K\u0131br\u0131s\u2019ta T\u00fcrkiye ile ilk ticari ili\u015fkileri kuran ve T\u00fcrk mallar\u0131n\u0131 ( \u00c7BS boyalar\u0131 kap\u0131 ve pencere camlar\u0131, Borusan mam\u00fclleri, \u0130zelta\u015f el aletleri, Bursa\u2019dan marangoz makinalar\u0131 ) K\u0131br\u0131s\u2019a ithal eden ve sat\u0131\u015f\u0131n\u0131 y\u00fcr\u00fcten birka\u00e7 T\u00fcrk firmas\u0131ndan biridir. Gazima\u011fusa,<\/p>","protected":false},"author":1,"featured_media":0,"parent":0,"menu_order":0,"comment_status":"closed","ping_status":"closed","template":"","meta":{"_joinchat":[],"footnotes":""},"class_list":["post-368","page","type-page","status-publish","hentry"],"_links":{"self":[{"href":"https:\/\/www.img-ltd.com\/en\/wp-json\/wp\/v2\/pages\/368","targetHints":{"allow":["GET"]}}],"collection":[{"href":"https:\/\/www.img-ltd.com\/en\/wp-json\/wp\/v2\/pages"}],"about":[{"href":"https:\/\/www.img-ltd.com\/en\/wp-json\/wp\/v2\/types\/page"}],"author":[{"embeddable":true,"href":"https:\/\/www.img-ltd.com\/en\/wp-json\/wp\/v2\/users\/1"}],"replies":[{"embeddable":true,"href":"https:\/\/www.img-ltd.com\/en\/wp-json\/wp\/v2\/comments?post=368"}],"version-history":[{"count":10,"href":"https:\/\/www.img-ltd.com\/en\/wp-json\/wp\/v2\/pages\/368\/revisions"}],"predecessor-version":[{"id":440,"href":"https:\/\/www.img-ltd.com\/en\/wp-json\/wp\/v2\/pages\/368\/revisions\/440"}],"wp:attachment":[{"href":"https:\/\/www.img-ltd.com\/en\/wp-json\/wp\/v2\/media?parent=368"}],"curies":[{"name":"wp","href":"https:\/\/api.w.org\/{rel}","templated":true}]}}