{"id":351,"date":"2023-12-21T13:37:13","date_gmt":"2023-12-21T13:37:13","guid":{"rendered":"https:\/\/www.websitekibris.com\/?page_id=351"},"modified":"2023-12-21T13:41:43","modified_gmt":"2023-12-21T13:41:43","slug":"ik-uygulamalari","status":"publish","type":"page","link":"https:\/\/www.img-ltd.com\/en\/ik-uygulamalari\/","title":{"rendered":"\u0130k Uygulamalar\u0131"},"content":{"rendered":"<div data-elementor-type=\"wp-page\" data-elementor-id=\"351\" class=\"elementor elementor-351\">\n\t\t\t\t<div class=\"elementor-element elementor-element-2deadbb e-flex e-con-boxed e-con e-parent\" data-id=\"2deadbb\" data-element_type=\"container\">\n\t\t\t\t\t<div class=\"e-con-inner\">\n\t\t\t\t<div class=\"elementor-element elementor-element-12920a9 elementor-widget elementor-widget-text-editor\" data-id=\"12920a9\" data-element_type=\"widget\" data-widget_type=\"text-editor.default\">\n\t\t\t\t<div class=\"elementor-widget-container\">\n\t\t\t\t\t\t\t\t\t<p><strong>\u0130LKAY M. GEN\u00c7 LTD.<\/strong> \u0130nsan Kaynaklar\u0131 olarak t\u00fcm faaliyetlerimizde \u00e7al\u0131\u015fan memnuniyeti ve kurumsal fayda dengesini g\u00f6zetmekteyiz. Biz a\u00e7\u0131k ileti\u015fime inanan, ayn\u0131 hedefe birlikte ko\u015fan, ba\u015far\u0131n\u0131n h\u0131zl\u0131, sonu\u00e7 odakl\u0131 ve esnek olmaktan ge\u00e7ti\u011fine inanan b\u00fcy\u00fck bir aileyiz. M\u00fc\u015fterilerimizin en iyisini hak etti\u011fine inan\u0131r, h\u0131zl\u0131 \u00e7\u00f6z\u00fcm \u00fcretiriz, \u015feffaf ve tutarl\u0131 yakla\u015f\u0131m sergileriz ve en \u00f6nemlisi yarat\u0131c\u0131l\u0131\u011f\u0131 ve inovatif d\u00fc\u015f\u00fcnceyi her alanda destekleriz. \u0130\u015f hayat\u0131nda f\u0131rsat e\u015fitli\u011fini destekliyor, artan \u00fcst d\u00fczey kad\u0131n y\u00f6netici say\u0131m\u0131z\u0131 ger\u00e7ekle\u015ftirdi\u011fimiz ilerlemenin \u00f6nemli g\u00f6stergelerinden biri olarak g\u00f6r\u00fcyoruz.<\/p>\t\t\t\t\t\t\t\t<\/div>\n\t\t\t\t<\/div>\n\t\t\t\t<div class=\"elementor-element elementor-element-91591f0 elementor-widget elementor-widget-heading\" data-id=\"91591f0\" data-element_type=\"widget\" data-widget_type=\"heading.default\">\n\t\t\t\t<div class=\"elementor-widget-container\">\n\t\t\t\t\t<h1 class=\"elementor-heading-title elementor-size-default\">\u0130\u015fe Al\u0131m<\/h1>\t\t\t\t<\/div>\n\t\t\t\t<\/div>\n\t\t\t\t<div class=\"elementor-element elementor-element-e735234 elementor-widget elementor-widget-text-editor\" data-id=\"e735234\" data-element_type=\"widget\" data-widget_type=\"text-editor.default\">\n\t\t\t\t<div class=\"elementor-widget-container\">\n\t\t\t\t\t\t\t\t\t<p>\u0130\u015fe alma ve yerle\u015ftirmenin temel amac\u0131, \u015firket k\u00fclt\u00fcr ve de\u011ferlerine uygun, pozisyonlar\u0131n gereksinimlerini kar\u015f\u0131layacak, firmam\u0131z\u0131 gelece\u011fe ta\u015f\u0131yacak \u00e7al\u0131\u015fanlar\u0131 se\u00e7mek ve en uygun pozisyona yerle\u015ftirmektir. Buna ba\u011fl\u0131 olarak birebir ve panel m\u00fclakat tekni\u011fi ile adaylar de\u011ferlendirilmektedir. Firmam\u0131zda profilinize uygun bir pozisyon a\u00e7\u0131ld\u0131\u011f\u0131nda de\u011ferlendirilmek \u00fczere \u201cGenel Ba\u015fvuru\u201d yapabilir veya ilan verilen bir pozisyon i\u00e7in ba\u015fvurabilirsiniz.<\/p>\t\t\t\t\t\t\t\t<\/div>\n\t\t\t\t<\/div>\n\t\t\t\t<div class=\"elementor-element elementor-element-49c399c elementor-widget-divider--view-line elementor-widget elementor-widget-divider\" data-id=\"49c399c\" data-element_type=\"widget\" data-widget_type=\"divider.default\">\n\t\t\t\t<div class=\"elementor-widget-container\">\n\t\t\t\t\t\t\t<div class=\"elementor-divider\">\n\t\t\t<span class=\"elementor-divider-separator\">\n\t\t\t\t\t\t<\/span>\n\t\t<\/div>\n\t\t\t\t\t\t<\/div>\n\t\t\t\t<\/div>\n\t\t\t\t<div class=\"elementor-element elementor-element-a626365 elementor-widget elementor-widget-heading\" data-id=\"a626365\" data-element_type=\"widget\" data-widget_type=\"heading.default\">\n\t\t\t\t<div class=\"elementor-widget-container\">\n\t\t\t\t\t<h1 class=\"elementor-heading-title elementor-size-default\">Performans Y\u00f6netimi<\/h1>\t\t\t\t<\/div>\n\t\t\t\t<\/div>\n\t\t\t\t<div class=\"elementor-element elementor-element-90587eb elementor-widget elementor-widget-text-editor\" data-id=\"90587eb\" data-element_type=\"widget\" data-widget_type=\"text-editor.default\">\n\t\t\t\t<div class=\"elementor-widget-container\">\n\t\t\t\t\t\t\t\t\t<p>\u0130LKAY M. GEN\u00c7 LTD., hedeflerine ula\u015fmada, \u00e7al\u0131\u015fanlar\u0131n kat\u0131l\u0131m\u0131n\u0131 adil, sistemli ve \u00f6l\u00e7\u00fclebilir bir y\u00f6ntemle de\u011ferlendirmek yoluyla, s\u00fcrekli geli\u015fimi destekler. Amac\u0131m\u0131z; \u00f6l\u00e7\u00fclebilir i\u015f hedefleri belirlemek, bu hedeflere ula\u015fmada ba\u015far\u0131y\u0131 kontrol etmek ve de\u011ferlendirmeyi sa\u011flamakt\u0131r. D\u00fczenli aral\u0131klarla de\u011ferlendirme yaparak, belirlenen hedefler ve i\u015f tan\u0131m\u0131 standartlar\u0131 \u0131\u015f\u0131\u011f\u0131nda genel performans\u0131 a\u00e7\u0131k ve d\u00fcr\u00fcst\u00e7e tart\u0131\u015fmay\u0131 sa\u011flamak, geli\u015fim alanlar\u0131n\u0131 belirleyerek, aksiyon plan\u0131n\u0131 olu\u015fturmakt\u0131r.<\/p>\t\t\t\t\t\t\t\t<\/div>\n\t\t\t\t<\/div>\n\t\t\t\t<div class=\"elementor-element elementor-element-1909bf9 elementor-widget-divider--view-line elementor-widget elementor-widget-divider\" data-id=\"1909bf9\" data-element_type=\"widget\" data-widget_type=\"divider.default\">\n\t\t\t\t<div class=\"elementor-widget-container\">\n\t\t\t\t\t\t\t<div class=\"elementor-divider\">\n\t\t\t<span class=\"elementor-divider-separator\">\n\t\t\t\t\t\t<\/span>\n\t\t<\/div>\n\t\t\t\t\t\t<\/div>\n\t\t\t\t<\/div>\n\t\t\t\t<div class=\"elementor-element elementor-element-21c1afd elementor-widget elementor-widget-heading\" data-id=\"21c1afd\" data-element_type=\"widget\" data-widget_type=\"heading.default\">\n\t\t\t\t<div class=\"elementor-widget-container\">\n\t\t\t\t\t<h1 class=\"elementor-heading-title elementor-size-default\">E\u011fitim<\/h1>\t\t\t\t<\/div>\n\t\t\t\t<\/div>\n\t\t\t\t<div class=\"elementor-element elementor-element-47f810d elementor-widget elementor-widget-text-editor\" data-id=\"47f810d\" data-element_type=\"widget\" data-widget_type=\"text-editor.default\">\n\t\t\t\t<div class=\"elementor-widget-container\">\n\t\t\t\t\t\t\t\t\t<p>\u00c7al\u0131\u015fanlar\u0131n e\u011fitim ihtiya\u00e7lar\u0131 performans geli\u015ftirme sistemi i\u00e7erisinde belirlenir. Belirlenen ve planlanan e\u011fitim programlar\u0131 \u00e7al\u0131\u015fan\u0131n yetkinliklerini ve mevcut performanslar\u0131n\u0131 art\u0131rmaya, geli\u015ftirmeye yard\u0131m eder.<\/p>\t\t\t\t\t\t\t\t<\/div>\n\t\t\t\t<\/div>\n\t\t\t\t<div class=\"elementor-element elementor-element-b537ff5 elementor-widget-divider--view-line elementor-widget elementor-widget-divider\" data-id=\"b537ff5\" data-element_type=\"widget\" data-widget_type=\"divider.default\">\n\t\t\t\t<div class=\"elementor-widget-container\">\n\t\t\t\t\t\t\t<div class=\"elementor-divider\">\n\t\t\t<span class=\"elementor-divider-separator\">\n\t\t\t\t\t\t<\/span>\n\t\t<\/div>\n\t\t\t\t\t\t<\/div>\n\t\t\t\t<\/div>\n\t\t\t\t<div class=\"elementor-element elementor-element-b658d72 elementor-widget elementor-widget-heading\" data-id=\"b658d72\" data-element_type=\"widget\" data-widget_type=\"heading.default\">\n\t\t\t\t<div class=\"elementor-widget-container\">\n\t\t\t\t\t<h1 class=\"elementor-heading-title elementor-size-default\">\u0130\u015f Sa\u011fl\u0131\u011f\u0131 ve G\u00fcvenli\u011fi<\/h1>\t\t\t\t<\/div>\n\t\t\t\t<\/div>\n\t\t\t\t<div class=\"elementor-element elementor-element-1100b89 elementor-widget elementor-widget-text-editor\" data-id=\"1100b89\" data-element_type=\"widget\" data-widget_type=\"text-editor.default\">\n\t\t\t\t<div class=\"elementor-widget-container\">\n\t\t\t\t\t\t\t\t\t<p>\u0130LKAY M. GEN\u00c7 LTD. \u0130\u015e SA\u011eLI\u011eI VE G\u00dcVENL\u0130\u011e\u0130 POL\u0130T\u0130KASI \u0130LKAY M. GEN\u00c7 LTD. Politika olarak \u00e7al\u0131\u015fanlar\u0131na g\u00fcvenli ve sa\u011fl\u0131kl\u0131 bir ortam sa\u011flamay\u0131 ama\u00e7 edinmi\u015f ve normal \u00e7al\u0131\u015fma d\u00fczenini engelleyecek her t\u00fcrl\u00fc kay\u0131plara \u201c\u0130nsan veya makina \u201c \u00fczerine sonu\u00e7lanan kazalar\u0131 \u00f6nleme ideali ile \u00e7al\u0131\u015fmaktad\u0131r.<\/p><p>\u0130LKAY M. GEN\u00c7 LTD. \u0130\u015f\u00e7i Sa\u011fl\u0131\u011f\u0131 ve \u0130\u015f G\u00fcvenli\u011fi Politikas\u0131n\u0131n amac\u0131 \u015fudur:<br \/>1. Ki\u015fisel yaralanmalar\u0131 \u00f6nlemek<br \/>2. \u0130nsan sa\u011fl\u0131\u011f\u0131n\u0131 etkileyecek durumlar\u0131n ortadan kald\u0131r\u0131lmas\u0131<br \/>3. \u0130\u015f g\u00fcvenli\u011fi anlay\u0131\u015f\u0131n\u0131n t\u00fcm \u00e7al\u0131\u015fanlar aras\u0131nda yay\u0131lmas\u0131n\u0131 sa\u011flamak<br \/>4. Yang\u0131n riskini azaltmak<br \/>5. Malzeme hasarlar\u0131n\u0131 \u00f6nlemek Bu ama\u00e7la;<\/p><p>2013 y\u0131l\u0131 itibar\u0131yle t\u00fcm i\u015fyerlerimizde risk de\u011ferlendirmeleri yap\u0131lm\u0131\u015f, bu do\u011frultuda yang\u0131n s\u00f6nd\u00fcr\u00fcc\u00fcler art\u0131r\u0131lm\u0131\u015f, i\u015faret ve g\u00fcvenlik levhalar\u0131 yerle\u015ftirilmi\u015f, ki\u015fisel koruyucular da\u011f\u0131t\u0131lm\u0131\u015ftir. Ayr\u0131ca t\u00fcm personellere temel i\u015f sa\u011fl\u0131\u011f\u0131 ve g\u00fcvenli\u011fi e\u011fitimleri verilmi\u015f ve hemen ard\u0131ndan i\u00e7 denet\u00e7iler se\u00e7ilmi\u015ftir. Yap\u0131lan t\u00fcm \u00e7al\u0131\u015fmalar daha sa\u011fl\u0131kl\u0131 ve g\u00fcvenli bir \u00e7al\u0131\u015fma ortam\u0131 olu\u015fturma amac\u0131ylad\u0131r.<\/p>\t\t\t\t\t\t\t\t<\/div>\n\t\t\t\t<\/div>\n\t\t\t\t\t<\/div>\n\t\t\t\t<\/div>\n\t\t\t\t<\/div>","protected":false},"excerpt":{"rendered":"<p>\u0130LKAY M. GEN\u00c7 LTD. \u0130nsan Kaynaklar\u0131 olarak t\u00fcm faaliyetlerimizde \u00e7al\u0131\u015fan memnuniyeti ve kurumsal fayda dengesini g\u00f6zetmekteyiz. Biz a\u00e7\u0131k ileti\u015fime inanan, ayn\u0131 hedefe birlikte ko\u015fan, ba\u015far\u0131n\u0131n h\u0131zl\u0131, sonu\u00e7 odakl\u0131 ve esnek olmaktan ge\u00e7ti\u011fine inanan b\u00fcy\u00fck bir aileyiz. M\u00fc\u015fterilerimizin en iyisini hak etti\u011fine inan\u0131r, h\u0131zl\u0131 \u00e7\u00f6z\u00fcm \u00fcretiriz, \u015feffaf ve tutarl\u0131 yakla\u015f\u0131m sergileriz ve en \u00f6nemlisi yarat\u0131c\u0131l\u0131\u011f\u0131 ve inovatif d\u00fc\u015f\u00fcnceyi her alanda destekleriz. \u0130\u015f hayat\u0131nda f\u0131rsat e\u015fitli\u011fini destekliyor, artan \u00fcst d\u00fczey kad\u0131n y\u00f6netici say\u0131m\u0131z\u0131 ger\u00e7ekle\u015ftirdi\u011fimiz ilerlemenin \u00f6nemli g\u00f6stergelerinden biri olarak g\u00f6r\u00fcyoruz. \u0130\u015fe Al\u0131m \u0130\u015fe alma ve yerle\u015ftirmenin temel amac\u0131, \u015firket k\u00fclt\u00fcr ve de\u011ferlerine uygun, pozisyonlar\u0131n gereksinimlerini kar\u015f\u0131layacak, firmam\u0131z\u0131 gelece\u011fe ta\u015f\u0131yacak \u00e7al\u0131\u015fanlar\u0131 se\u00e7mek ve<\/p>","protected":false},"author":1,"featured_media":0,"parent":0,"menu_order":0,"comment_status":"closed","ping_status":"closed","template":"","meta":{"_joinchat":[],"footnotes":""},"class_list":["post-351","page","type-page","status-publish","hentry"],"_links":{"self":[{"href":"https:\/\/www.img-ltd.com\/en\/wp-json\/wp\/v2\/pages\/351","targetHints":{"allow":["GET"]}}],"collection":[{"href":"https:\/\/www.img-ltd.com\/en\/wp-json\/wp\/v2\/pages"}],"about":[{"href":"https:\/\/www.img-ltd.com\/en\/wp-json\/wp\/v2\/types\/page"}],"author":[{"embeddable":true,"href":"https:\/\/www.img-ltd.com\/en\/wp-json\/wp\/v2\/users\/1"}],"replies":[{"embeddable":true,"href":"https:\/\/www.img-ltd.com\/en\/wp-json\/wp\/v2\/comments?post=351"}],"version-history":[{"count":13,"href":"https:\/\/www.img-ltd.com\/en\/wp-json\/wp\/v2\/pages\/351\/revisions"}],"predecessor-version":[{"id":364,"href":"https:\/\/www.img-ltd.com\/en\/wp-json\/wp\/v2\/pages\/351\/revisions\/364"}],"wp:attachment":[{"href":"https:\/\/www.img-ltd.com\/en\/wp-json\/wp\/v2\/media?parent=351"}],"curies":[{"name":"wp","href":"https:\/\/api.w.org\/{rel}","templated":true}]}}